{"id":19,"date":"2023-08-17T11:13:32","date_gmt":"2023-08-17T09:13:32","guid":{"rendered":"https:\/\/samayama.com\/?page_id=19"},"modified":"2024-02-19T12:16:07","modified_gmt":"2024-02-19T11:16:07","slug":"a-propos-du-formateur","status":"publish","type":"page","link":"https:\/\/samayama.com\/index.php\/formation-massage-shiatsu-france\/a-propos-du-formateur\/","title":{"rendered":"A propos du formateur"},"content":{"rendered":"<p>[et_pb_section fb_built=\u00a0\u00bb1&Prime; _builder_version=\u00a0\u00bb4.16&Prime; global_colors_info=\u00a0\u00bb{}\u00a0\u00bb][et_pb_row _builder_version=\u00a0\u00bb4.18.1&Prime; _module_preset=\u00a0\u00bbdefault\u00a0\u00bb background_color=\u00a0\u00bb#3C6E71&Prime; custom_padding=\u00a0\u00bb23px|||||\u00a0\u00bb global_colors_info=\u00a0\u00bb{}\u00a0\u00bb][et_pb_column type=\u00a0\u00bb4_4&Prime; _builder_version=\u00a0\u00bb4.18.1&Prime; _module_preset=\u00a0\u00bbdefault\u00a0\u00bb global_colors_info=\u00a0\u00bb{}\u00a0\u00bb][et_pb_text _builder_version=\u00a0\u00bb4.18.1&Prime; _module_preset=\u00a0\u00bbdefault\u00a0\u00bb header_text_color=\u00a0\u00bb#F4F9E9&Prime; global_colors_info=\u00a0\u00bb{}\u00a0\u00bb]<\/p>\n<h1 class=\"western\" style=\"text-align: center;\">Le formateur, Nicolas Truffart<\/h1>\n<p>[\/et_pb_text][\/et_pb_column][\/et_pb_row][et_pb_row _builder_version=\u00a0\u00bb4.18.1&Prime; background_color=\u00a0\u00bb#FFFFFF\u00a0\u00bb background_size=\u00a0\u00bbinitial\u00a0\u00bb background_position=\u00a0\u00bbtop_left\u00a0\u00bb background_repeat=\u00a0\u00bbrepeat\u00a0\u00bb global_colors_info=\u00a0\u00bb{}\u00a0\u00bb][et_pb_column type=\u00a0\u00bb4_4&Prime; _builder_version=\u00a0\u00bb4.16&Prime; custom_padding=\u00a0\u00bb|||\u00a0\u00bb global_colors_info=\u00a0\u00bb{}\u00a0\u00bb custom_padding__hover=\u00a0\u00bb|||\u00a0\u00bb][et_pb_blurb use_icon=\u00a0\u00bbon\u00a0\u00bb font_icon=\u00a0\u00bb&#x32;||divi||400&Prime; image_icon_width=\u00a0\u00bb200px\u00a0\u00bb _builder_version=\u00a0\u00bb4.18.1&Prime; _module_preset=\u00a0\u00bbdefault\u00a0\u00bb header_level=\u00a0\u00bbh2&Prime; global_colors_info=\u00a0\u00bb{}\u00a0\u00bb]<\/p>\n<p style=\"text-align: justify;\">Le formateur, Nicolas Truffart, ost\u00e9opathe sp\u00e9cialiste en shiatsu, enseignant de yoga et infirmier de formation a suivi les enseignements de Violette M\u00e9lendez qui a transmis la tradition du Koho Shiatsu au Pays Basque pendant une dixaine d\u2019ann\u00e9es au sein de son \u00e9cole Shin Wa Shiatsu Do \u00e0 Lahonce (64).<\/p>\n<p>Son approche acad\u00e9mique, est compl\u00e9t\u00e9 par une solide connaissance du corps dans ses dimensions physiques, \u00e9motionnelles et causales. La sp\u00e9cificit\u00e9 de son approche est de former les futurs <i>shiatsushis<\/i> (praticiens en shiatsu), \u00e0 la foi sur le plan th\u00e9orique et pratique mais aussi de les accompagner sur le chemin de leur d\u00e9veloppement personnel .<\/p>\n<p>[\/et_pb_blurb][et_pb_image src=\u00a0\u00bbhttps:\/\/samayama.com\/wp-content\/uploads\/2023\/08\/shiatsu-bayonne-reservation-e1708341278874.jpg\u00a0\u00bb alt=\u00a0\u00bbformateur shiatsu samayama\u00a0\u00bb title_text=\u00a0\u00bbshiatsu-bayonne-reservation\u00a0\u00bb align=\u00a0\u00bbcenter\u00a0\u00bb _builder_version=\u00a0\u00bb4.23.1&Prime; _module_preset=\u00a0\u00bbdefault\u00a0\u00bb background_color=\u00a0\u00bb#FFFFFF\u00a0\u00bb hover_enabled=\u00a0\u00bb0&Prime; global_colors_info=\u00a0\u00bb{}\u00a0\u00bb sticky_enabled=\u00a0\u00bb0&Prime;][\/et_pb_image][\/et_pb_column][\/et_pb_row][\/et_pb_section]<\/p>\n","protected":false},"excerpt":{"rendered":"<p>Nicolas Truffart est le fondateur de l&rsquo;Ecole Samayama, ost\u00e9opathe sp\u00e9cialiste en shiatsu, enseignant de yoga et infirmier de formation.<\/p>\n","protected":false},"author":1,"featured_media":0,"parent":200,"menu_order":1,"comment_status":"closed","ping_status":"closed","template":"","meta":{"_et_pb_use_builder":"on","_et_pb_old_content":"<!-- wp:paragraph -->\n<p><\/p>\n<!-- \/wp:paragraph -->\n\n<!-- wp:paragraph {\"textColor\":\"cyan-bluish-gray\"} -->\n<p class=\"has-cyan-bluish-gray-color has-text-color\"><\/p>\n<!-- \/wp:paragraph -->\n\n<!-- wp:heading {\"backgroundColor\":\"white\",\"textColor\":\"black\"} -->\n<h2 class=\"wp-block-heading has-black-color has-white-background-color has-text-color has-background\"> Nicolas Truffart<\/h2>\n<!-- \/wp:heading -->\n\n<!-- wp:paragraph -->\n<p>Le formateur, Nicolas Truffart, ost\u00e9opathe sp\u00e9cialiste en shiatsu, enseignant de yoga et infirmier de formation a suivi les enseignements de Violette M\u00e9lendez qui a transmis la tradition du Koho Shiatsu au Pays Basque pendant une dixaine d\u2019ann\u00e9es au sein de son \u00e9cole Shin Wa Shiatsu Do \u00e0 Lahonce (64).<\/p>\n<!-- \/wp:paragraph -->\n\n<!-- wp:paragraph -->\n<p>Son approche acad\u00e9mique, est compl\u00e9t\u00e9 par une solide connaissance du corps dans ses dimensions physiques, \u00e9motionnelles et causales. La sp\u00e9cificit\u00e9 de son approche est de former les futurs <em>shiatsushis<\/em> (praticiens en shiatsu), \u00e0 la foi sur le plan th\u00e9orique et pratique mais aussi de les accompagner sur le chemin de leur d\u00e9veloppement personnel .<\/p>\n<!-- \/wp:paragraph -->\n\n<!-- wp:image {\"id\":22,\"width\":603,\"height\":452,\"sizeSlug\":\"full\",\"linkDestination\":\"none\"} -->\n<figure class=\"wp-block-image size-full is-resized\"><img src=\"https:\/\/samayama.com\/wp-content\/uploads\/2023\/08\/shiatsu-bayonne-reservation.jpg\" alt=\"\" class=\"wp-image-22\" style=\"width:603px;height:452px\" width=\"603\" height=\"452\"\/><\/figure>\n<!-- \/wp:image -->","_et_gb_content_width":"","footnotes":""},"class_list":["post-19","page","type-page","status-publish","hentry"],"yoast_head":"<!-- This site is optimized with the Yoast SEO plugin v21.8 - https:\/\/yoast.com\/wordpress\/plugins\/seo\/ -->\n<title>A propos du formateur - Samayama<\/title>\n<meta name=\"robots\" content=\"index, follow, max-snippet:-1, max-image-preview:large, max-video-preview:-1\" \/>\n<link rel=\"canonical\" href=\"https:\/\/samayama.com\/index.php\/formation-shiatsu-sud-ouest-france\/a-propos-du-formateur\/\" \/>\n<meta property=\"og:locale\" content=\"fr_FR\" \/>\n<meta property=\"og:type\" content=\"article\" \/>\n<meta property=\"og:title\" content=\"A propos du formateur - Samayama\" \/>\n<meta property=\"og:description\" content=\"Nicolas Truffart est le fondateur de l&#039;Ecole Samayama, ost\u00e9opathe sp\u00e9cialiste en shiatsu, enseignant de yoga et infirmier de formation.\" \/>\n<meta property=\"og:url\" content=\"https:\/\/samayama.com\/index.php\/formation-shiatsu-sud-ouest-france\/a-propos-du-formateur\/\" \/>\n<meta property=\"og:site_name\" content=\"Samayama\" \/>\n<meta property=\"article:publisher\" content=\"https:\/\/www.facebook.com\/profile.php?id=100066668590093\" \/>\n<meta property=\"article:modified_time\" content=\"2024-02-19T11:16:07+00:00\" \/>\n<meta name=\"twitter:card\" content=\"summary_large_image\" \/>\n<meta name=\"twitter:site\" content=\"@osteoinclusive\" \/>\n<meta name=\"twitter:label1\" content=\"Dur\u00e9e de lecture estim\u00e9e\" \/>\n\t<meta name=\"twitter:data1\" content=\"1 minute\" \/>\n<script type=\"application\/ld+json\" class=\"yoast-schema-graph\">{\"@context\":\"https:\/\/schema.org\",\"@graph\":[{\"@type\":\"WebPage\",\"@id\":\"https:\/\/samayama.com\/index.php\/formation-shiatsu-sud-ouest-france\/a-propos-du-formateur\/\",\"url\":\"https:\/\/samayama.com\/index.php\/formation-shiatsu-sud-ouest-france\/a-propos-du-formateur\/\",\"name\":\"A propos du formateur - Samayama\",\"isPartOf\":{\"@id\":\"https:\/\/samayama.com\/#website\"},\"datePublished\":\"2023-08-17T09:13:32+00:00\",\"dateModified\":\"2024-02-19T11:16:07+00:00\",\"breadcrumb\":{\"@id\":\"https:\/\/samayama.com\/index.php\/formation-shiatsu-sud-ouest-france\/a-propos-du-formateur\/#breadcrumb\"},\"inLanguage\":\"fr-FR\",\"potentialAction\":[{\"@type\":\"ReadAction\",\"target\":[\"https:\/\/samayama.com\/index.php\/formation-shiatsu-sud-ouest-france\/a-propos-du-formateur\/\"]}]},{\"@type\":\"BreadcrumbList\",\"@id\":\"https:\/\/samayama.com\/index.php\/formation-shiatsu-sud-ouest-france\/a-propos-du-formateur\/#breadcrumb\",\"itemListElement\":[{\"@type\":\"ListItem\",\"position\":1,\"name\":\"Accueil\",\"item\":\"https:\/\/samayama.com\/\"},{\"@type\":\"ListItem\",\"position\":2,\"name\":\"Ecole Samayama : Formation de Shiatsu \u00e0 Bayonne\",\"item\":\"https:\/\/samayama.com\/\"},{\"@type\":\"ListItem\",\"position\":3,\"name\":\"A propos du formateur\"}]},{\"@type\":\"WebSite\",\"@id\":\"https:\/\/samayama.com\/#website\",\"url\":\"https:\/\/samayama.com\/\",\"name\":\"Samayama, \u00e9cole de Koho Shiatsu\",\"description\":\"Ecole de Shiatsu \u00e0 Bayonne, Pays Basque\",\"publisher\":{\"@id\":\"https:\/\/samayama.com\/#organization\"},\"potentialAction\":[{\"@type\":\"SearchAction\",\"target\":{\"@type\":\"EntryPoint\",\"urlTemplate\":\"https:\/\/samayama.com\/?s={search_term_string}\"},\"query-input\":\"required name=search_term_string\"}],\"inLanguage\":\"fr-FR\"},{\"@type\":\"Organization\",\"@id\":\"https:\/\/samayama.com\/#organization\",\"name\":\"Samayama, \u00e9cole de Koho Shiatsu\",\"url\":\"https:\/\/samayama.com\/\",\"logo\":{\"@type\":\"ImageObject\",\"inLanguage\":\"fr-FR\",\"@id\":\"https:\/\/samayama.com\/#\/schema\/logo\/image\/\",\"url\":\"https:\/\/samayama.com\/wp-content\/uploads\/2023\/08\/samayamaecolede-shiatsu2000.png\",\"contentUrl\":\"https:\/\/samayama.com\/wp-content\/uploads\/2023\/08\/samayamaecolede-shiatsu2000.png\",\"width\":2000,\"height\":1555,\"caption\":\"Samayama, \u00e9cole de Koho Shiatsu\"},\"image\":{\"@id\":\"https:\/\/samayama.com\/#\/schema\/logo\/image\/\"},\"sameAs\":[\"https:\/\/www.facebook.com\/profile.php?id=100066668590093\",\"https:\/\/twitter.com\/osteoinclusive\",\"https:\/\/www.linkedin.com\/in\/nicolas-truffart-1b024373\/\"]}]}<\/script>\n<!-- \/ Yoast SEO plugin. -->","yoast_head_json":{"title":"A propos du formateur - Samayama","robots":{"index":"index","follow":"follow","max-snippet":"max-snippet:-1","max-image-preview":"max-image-preview:large","max-video-preview":"max-video-preview:-1"},"canonical":"https:\/\/samayama.com\/index.php\/formation-shiatsu-sud-ouest-france\/a-propos-du-formateur\/","og_locale":"fr_FR","og_type":"article","og_title":"A propos du formateur - Samayama","og_description":"Nicolas Truffart est le fondateur de l'Ecole Samayama, ost\u00e9opathe sp\u00e9cialiste en shiatsu, enseignant de yoga et infirmier de formation.","og_url":"https:\/\/samayama.com\/index.php\/formation-shiatsu-sud-ouest-france\/a-propos-du-formateur\/","og_site_name":"Samayama","article_publisher":"https:\/\/www.facebook.com\/profile.php?id=100066668590093","article_modified_time":"2024-02-19T11:16:07+00:00","twitter_card":"summary_large_image","twitter_site":"@osteoinclusive","twitter_misc":{"Dur\u00e9e de lecture estim\u00e9e":"1 minute"},"schema":{"@context":"https:\/\/schema.org","@graph":[{"@type":"WebPage","@id":"https:\/\/samayama.com\/index.php\/formation-shiatsu-sud-ouest-france\/a-propos-du-formateur\/","url":"https:\/\/samayama.com\/index.php\/formation-shiatsu-sud-ouest-france\/a-propos-du-formateur\/","name":"A propos du formateur - Samayama","isPartOf":{"@id":"https:\/\/samayama.com\/#website"},"datePublished":"2023-08-17T09:13:32+00:00","dateModified":"2024-02-19T11:16:07+00:00","breadcrumb":{"@id":"https:\/\/samayama.com\/index.php\/formation-shiatsu-sud-ouest-france\/a-propos-du-formateur\/#breadcrumb"},"inLanguage":"fr-FR","potentialAction":[{"@type":"ReadAction","target":["https:\/\/samayama.com\/index.php\/formation-shiatsu-sud-ouest-france\/a-propos-du-formateur\/"]}]},{"@type":"BreadcrumbList","@id":"https:\/\/samayama.com\/index.php\/formation-shiatsu-sud-ouest-france\/a-propos-du-formateur\/#breadcrumb","itemListElement":[{"@type":"ListItem","position":1,"name":"Accueil","item":"https:\/\/samayama.com\/"},{"@type":"ListItem","position":2,"name":"Ecole Samayama : Formation de Shiatsu \u00e0 Bayonne","item":"https:\/\/samayama.com\/"},{"@type":"ListItem","position":3,"name":"A propos du formateur"}]},{"@type":"WebSite","@id":"https:\/\/samayama.com\/#website","url":"https:\/\/samayama.com\/","name":"Samayama, \u00e9cole de Koho Shiatsu","description":"Ecole de Shiatsu \u00e0 Bayonne, Pays Basque","publisher":{"@id":"https:\/\/samayama.com\/#organization"},"potentialAction":[{"@type":"SearchAction","target":{"@type":"EntryPoint","urlTemplate":"https:\/\/samayama.com\/?s={search_term_string}"},"query-input":"required name=search_term_string"}],"inLanguage":"fr-FR"},{"@type":"Organization","@id":"https:\/\/samayama.com\/#organization","name":"Samayama, \u00e9cole de Koho Shiatsu","url":"https:\/\/samayama.com\/","logo":{"@type":"ImageObject","inLanguage":"fr-FR","@id":"https:\/\/samayama.com\/#\/schema\/logo\/image\/","url":"https:\/\/samayama.com\/wp-content\/uploads\/2023\/08\/samayamaecolede-shiatsu2000.png","contentUrl":"https:\/\/samayama.com\/wp-content\/uploads\/2023\/08\/samayamaecolede-shiatsu2000.png","width":2000,"height":1555,"caption":"Samayama, \u00e9cole de Koho Shiatsu"},"image":{"@id":"https:\/\/samayama.com\/#\/schema\/logo\/image\/"},"sameAs":["https:\/\/www.facebook.com\/profile.php?id=100066668590093","https:\/\/twitter.com\/osteoinclusive","https:\/\/www.linkedin.com\/in\/nicolas-truffart-1b024373\/"]}]}},"_links":{"self":[{"href":"https:\/\/samayama.com\/index.php\/wp-json\/wp\/v2\/pages\/19","targetHints":{"allow":["GET"]}}],"collection":[{"href":"https:\/\/samayama.com\/index.php\/wp-json\/wp\/v2\/pages"}],"about":[{"href":"https:\/\/samayama.com\/index.php\/wp-json\/wp\/v2\/types\/page"}],"author":[{"embeddable":true,"href":"https:\/\/samayama.com\/index.php\/wp-json\/wp\/v2\/users\/1"}],"replies":[{"embeddable":true,"href":"https:\/\/samayama.com\/index.php\/wp-json\/wp\/v2\/comments?post=19"}],"version-history":[{"count":9,"href":"https:\/\/samayama.com\/index.php\/wp-json\/wp\/v2\/pages\/19\/revisions"}],"predecessor-version":[{"id":328,"href":"https:\/\/samayama.com\/index.php\/wp-json\/wp\/v2\/pages\/19\/revisions\/328"}],"up":[{"embeddable":true,"href":"https:\/\/samayama.com\/index.php\/wp-json\/wp\/v2\/pages\/200"}],"wp:attachment":[{"href":"https:\/\/samayama.com\/index.php\/wp-json\/wp\/v2\/media?parent=19"}],"curies":[{"name":"wp","href":"https:\/\/api.w.org\/{rel}","templated":true}]}}