{"id":200,"date":"2023-08-20T19:19:00","date_gmt":"2023-08-20T17:19:00","guid":{"rendered":"https:\/\/samayama.com\/?page_id=200"},"modified":"2025-11-09T12:04:13","modified_gmt":"2025-11-09T11:04:13","slug":"formation-massage-shiatsu-france","status":"publish","type":"page","link":"https:\/\/samayama.com\/","title":{"rendered":"Ecole Samayama : Formation de Shiatsu \u00e0 Bayonne"},"content":{"rendered":"<p>[et_pb_section fb_built=\u00a0\u00bb1&Prime; _builder_version=\u00a0\u00bb4.22.1&Prime; _module_preset=\u00a0\u00bbdefault\u00a0\u00bb global_colors_info=\u00a0\u00bb{}\u00a0\u00bb][et_pb_row _builder_version=\u00a0\u00bb4.18.1&Prime; _module_preset=\u00a0\u00bbdefault\u00a0\u00bb global_colors_info=\u00a0\u00bb{}\u00a0\u00bb][et_pb_column type=\u00a0\u00bb4_4&Prime; _builder_version=\u00a0\u00bb4.18.1&Prime; _module_preset=\u00a0\u00bbdefault\u00a0\u00bb global_colors_info=\u00a0\u00bb{}\u00a0\u00bb][et_pb_post_title meta=\u00a0\u00bboff\u00a0\u00bb featured_placement=\u00a0\u00bbabove\u00a0\u00bb text_background=\u00a0\u00bbon\u00a0\u00bb text_bg_color=\u00a0\u00bb#3C6E71&Prime; _builder_version=\u00a0\u00bb4.23.1&Prime; _module_preset=\u00a0\u00bbdefault\u00a0\u00bb title_text_color=\u00a0\u00bb#F4F9E9&Prime; text_orientation=\u00a0\u00bbcenter\u00a0\u00bb animation_style=\u00a0\u00bbfade\u00a0\u00bb global_colors_info=\u00a0\u00bb{}\u00a0\u00bb][\/et_pb_post_title][et_pb_text _builder_version=\u00a0\u00bb4.23.1&Prime; _module_preset=\u00a0\u00bbdefault\u00a0\u00bb min_height=\u00a0\u00bb103px\u00a0\u00bb custom_margin=\u00a0\u00bb0px||||false|false\u00a0\u00bb hover_enabled=\u00a0\u00bb0&Prime; global_colors_info=\u00a0\u00bb{}\u00a0\u00bb sticky_enabled=\u00a0\u00bb0&Prime;]<\/p>\n<h2 style=\"text-align: center;\">Se former pour d\u00e9couvrir et pratiquer le Shiatsu : une formation \u00e0 Bayonne, au Pays Basque, d\u00e9partement des Pyr\u00e9n\u00e9es altantiques (64), r\u00e9gion Nouvelle Aquitaine<\/h2>\n<p>[\/et_pb_text][et_pb_slider _builder_version=\u00a0\u00bb4.23.1&Prime; _module_preset=\u00a0\u00bbdefault\u00a0\u00bb global_colors_info=\u00a0\u00bb{}\u00a0\u00bb][et_pb_slide heading=\u00a0\u00bbProchain stage %22dos et membres inf\u00e9rieurs%22 le samedi 13 d\u00e9cembre 2025 entre 8h et 13h\u00a0\u00bb button_text=\u00a0\u00bbContactez nous au 0622691528&Prime; button_link=\u00a0\u00bbhttps:\/\/samayama.com\/index.php\/formation-massage-shiatsu-france\/contact\/\u00a0\u00bb image=\u00a0\u00bbhttps:\/\/samayama.com\/wp-content\/uploads\/2024\/11\/Risshun-decouverte.png\u00a0\u00bb _builder_version=\u00a0\u00bb4.23.1&Prime; _module_preset=\u00a0\u00bbdefault\u00a0\u00bb global_colors_info=\u00a0\u00bb{}\u00a0\u00bb sticky_transition=\u00a0\u00bbon\u00a0\u00bb]<\/p>\n<p>Stage de pratique ouvert \u00e0\u00a0 tous, pour d\u00e9couvrir ou approffondir ses acquis.<\/p>\n<p>Le stage coute 50 \u20ac par participant et sera suivi d&rsquo;un repas au restaurant d&rsquo;\u00e0 c\u00f4t\u00e9 pour ceux qui le souhaite.<\/p>\n<p>[\/et_pb_slide][et_pb_slide heading=\u00a0\u00bbOuverture de l&rsquo;Ecole de Shiatsu Samayama en 2024&Prime; button_text=\u00a0\u00bbTARIFS\u00a0\u00bb button_link=\u00a0\u00bbhttps:\/\/samayama.com\/index.php\/formation-shiatsu-sud-ouest-france\/tarifs-du-cursus-pedagogique\/\u00a0\u00bb image=\u00a0\u00bbhttps:\/\/samayama.com\/wp-content\/uploads\/2024\/06\/Photo-formation-decouverte-du-shiatsu16052024AB.jpg\u00a0\u00bb _builder_version=\u00a0\u00bb4.23.1&Prime; _module_preset=\u00a0\u00bbdefault\u00a0\u00bb global_colors_info=\u00a0\u00bb{}\u00a0\u00bb sticky_transition=\u00a0\u00bbon\u00a0\u00bb]<\/p>\n<blockquote>\n<p>L&rsquo;\u00e9cole Samayama a ouvert ses portes en 2024 a re\u00e7u sa premi\u00e8re promotion\u00a0 \u00e0 l&rsquo;occasion d&rsquo;une formation de \u00ab\u00a0D\u00e9couverte du Shiatsu : Dos et\u00a0 bassin\u00a0\u00bb .<\/p>\n<\/blockquote>\n<p>&nbsp;<\/p>\n<p>[\/et_pb_slide][et_pb_slide heading=\u00a0\u00bbUne formation port\u00e9e sur la Qualit\u00e9\u00a0\u00bb button_text=\u00a0\u00bbProgramme de la formation\u00a0\u00bb button_link=\u00a0\u00bbhttps:\/\/samayama.com\/index.php\/formation-shiatsu-sud-ouest-france\/a-propos-du-formateur\/information-sur-la-formation-de-praticien-en-shiatsu-samayama\/programme-de-la-formation-de-praticien-en-shiatsu-samayama\/\u00a0\u00bb image=\u00a0\u00bbhttps:\/\/samayama.com\/wp-content\/uploads\/2024\/02\/stagiaires-samayama-college.jpg\u00a0\u00bb _builder_version=\u00a0\u00bb4.23.1&Prime; _module_preset=\u00a0\u00bbdefault\u00a0\u00bb global_colors_info=\u00a0\u00bb{}\u00a0\u00bb sticky_transition=\u00a0\u00bbon\u00a0\u00bb]<\/p>\n<p>La formation de shiatsu Samayama, est eccessible \u00e0 tous et met l&rsquo;accent sur le pr\u00e9cision des postures et des points de pression (<em>tsubos<\/em>) du donneur. Un apport th\u00e9orique est remis au stagiaire \u00e0 chaque fin de stage sous forme de fascicule p\u00e9dagogique.<\/p>\n<p>L&rsquo;enseignant, Nicolas Truffart, a valid\u00e9 plusieurs cursus professionnels (infirmier, ost\u00e9opathe puis sp\u00e9cialiste en shiastu) qui garantissent aux stagiaire un encadrement fiable renforc\u00e9 par une exp\u00e9rience de soins qui a commenc\u00e9 en 2000.<\/p>\n<p>[\/et_pb_slide][et_pb_slide heading=\u00a0\u00bbShiatsu au C\u0153ur de Bayonne\u00a0\u00bb image=\u00a0\u00bbhttps:\/\/samayama.com\/wp-content\/uploads\/2024\/02\/WhatsApp-Image-2024-02-10-a-11.22.52_842c599f.jpg\u00a0\u00bb _builder_version=\u00a0\u00bb4.23.1&Prime; _module_preset=\u00a0\u00bbdefault\u00a0\u00bb global_colors_info=\u00a0\u00bb{}\u00a0\u00bb sticky_transition=\u00a0\u00bbon\u00a0\u00bb]<\/p>\n<p>L&rsquo;Ecole Samayama se situe au Coeur de la ville de Bayonne. De nombreuses facilit\u00e9s d&rsquo;acc\u00e8s permettent une circulation fluide (Gare SNCF, A\u00e9roport, Bus et parkings voiture et v\u00e9los).<\/p>\n<p>De plus de nombreux points de restauration alentours permettront des pauses repas aussi diverses que de qualit\u00e9.<\/p>\n<p>[\/et_pb_slide][et_pb_slide heading=\u00a0\u00bbUn lieu de formation dans un quartier calme\u00a0\u00bb image=\u00a0\u00bbhttps:\/\/samayama.com\/wp-content\/uploads\/2024\/02\/WhatsApp-Image-2024-02-10-a-11.22.52_3e33f06d.jpg\u00a0\u00bb _builder_version=\u00a0\u00bb4.23.1&Prime; _module_preset=\u00a0\u00bbdefault\u00a0\u00bb global_colors_info=\u00a0\u00bb{}\u00a0\u00bb sticky_transition=\u00a0\u00bbon\u00a0\u00bb]<\/p>\n<p>L&rsquo;Ecole de Shiatsu Samayama est situ\u00e9 face au clo\u00eetre de la cath\u00e9drale de Bayonne. Cet espace de calme et de paix, favorisent un apprentissage de qualit\u00e9.<\/p>\n<p>[\/et_pb_slide][et_pb_slide heading=\u00a0\u00bbDojo Samayama\u00a0\u00bb image=\u00a0\u00bbhttps:\/\/samayama.com\/wp-content\/uploads\/2024\/02\/WhatsApp-Image-2024-02-10-a-11.26.58_a22c25dd.jpg\u00a0\u00bb _builder_version=\u00a0\u00bb4.23.1&Prime; _module_preset=\u00a0\u00bbdefault\u00a0\u00bb global_colors_info=\u00a0\u00bb{}\u00a0\u00bb sticky_transition=\u00a0\u00bbon\u00a0\u00bb]<\/p>\n<p>La salle de pratique de l&rsquo;Ecole Samayama accueille les stagiaires sur un sol recouvert de tatamis dans un espace chaleureux et apaisant. L&rsquo;apprentissage se fait ainsi de fa\u00e7on traditionnelle.<\/p>\n<p>[\/et_pb_slide][et_pb_slide heading=\u00a0\u00bbShiatsu en partenariat avec le milieu associatif\u00a0\u00bb image=\u00a0\u00bbhttps:\/\/samayama.com\/wp-content\/uploads\/2024\/02\/385263747_353945103724120_2759340253154160348_n.jpg\u00a0\u00bb _builder_version=\u00a0\u00bb4.23.1&Prime; _module_preset=\u00a0\u00bbdefault\u00a0\u00bb global_colors_info=\u00a0\u00bb{}\u00a0\u00bb sticky_transition=\u00a0\u00bbon\u00a0\u00bb]<\/p>\n<p>L&rsquo;Ecole de Shiatsu propose des partenariats avec le milieu associatif pour offrir des s\u00e9ances d&rsquo;entrainement pour ses stagiaires (public handicap\u00e9 ou quartiers prioritaires de la ville)<\/p>\n<p>[\/et_pb_slide][\/et_pb_slider][et_pb_blurb title=\u00a0\u00bbPetite histoire du Koho Shiatsu\u00a0\u00bb image=\u00a0\u00bbhttps:\/\/samayama.com\/wp-content\/uploads\/2023\/08\/Koho-shiatsu-bayonne-truffart-2.png\u00a0\u00bb alt=\u00a0\u00bbkoho shiatsu\u00a0\u00bb image_icon_width=\u00a0\u00bb32%\u00a0\u00bb _builder_version=\u00a0\u00bb4.18.1&Prime; _module_preset=\u00a0\u00bbdefault\u00a0\u00bb global_colors_info=\u00a0\u00bb{}\u00a0\u00bb]<\/p>\n<p><span>Le <\/span><em>shiatsu <\/em><span>est une m\u00e9decine holistique reconnue comme telle au Japon qui se base sur la m\u00e9decine extr\u00e8me-orientale datant de 1500 ans d\u2019histoire. Le <em>Koho Shiatsu<\/em> est une m\u00e9thode de massage d\u00e9velopp\u00e9e par Shodai Soke <\/span><strong>Okuyama<\/strong><span> Ryuho , \u00e9l\u00e8ve du Dr Irata, une figure majeure du d\u00e9veloppement de la m\u00e9decine japonaise , au Japon d\u00e8s le d\u00e9but du XXe si\u00e8cle. La sp\u00e9cificit\u00e9 de cette m\u00e9thode est de proposer un protocole de massage habill\u00e9 \u00e0 travers un linge (appel\u00e9 <\/span><em>Tenugui<\/em><span>) sur le syst\u00e8me des m\u00e9ridiens propre \u00e0 la m\u00e9decine extr\u00e8me-orientale. Une des significations du terme <em>koho <\/em>est \u00ab\u00a0connaissance de Soi\u00a0\u00bb.<\/span><\/p>\n<p>[\/et_pb_blurb][\/et_pb_column][\/et_pb_row][et_pb_row _builder_version=\u00a0\u00bb4.23.1&Prime; _module_preset=\u00a0\u00bbdefault\u00a0\u00bb global_colors_info=\u00a0\u00bb{}\u00a0\u00bb][et_pb_column type=\u00a0\u00bb4_4&Prime; _builder_version=\u00a0\u00bb4.23.1&Prime; _module_preset=\u00a0\u00bbdefault\u00a0\u00bb global_colors_info=\u00a0\u00bb{}\u00a0\u00bb][et_pb_image src=\u00a0\u00bbhttps:\/\/samayama.com\/wp-content\/uploads\/2025\/02\/IMG_20250118_102802-scaled.jpg\u00a0\u00bb alt=\u00a0\u00bbEcole de shatsu bayonne\u00a0\u00bb title_text=\u00a0\u00bbIMG_20250118_102802&Prime; _builder_version=\u00a0\u00bb4.23.1&Prime; _module_preset=\u00a0\u00bbdefault\u00a0\u00bb global_colors_info=\u00a0\u00bb{}\u00a0\u00bb][\/et_pb_image][\/et_pb_column][\/et_pb_row][et_pb_row column_structure=\u00a0\u00bb1_2,1_2&Prime; _builder_version=\u00a0\u00bb4.22.1&Prime; _module_preset=\u00a0\u00bbdefault\u00a0\u00bb global_colors_info=\u00a0\u00bb{}\u00a0\u00bb][et_pb_column type=\u00a0\u00bb1_2&Prime; _builder_version=\u00a0\u00bb4.22.1&Prime; _module_preset=\u00a0\u00bbdefault\u00a0\u00bb global_colors_info=\u00a0\u00bb{}\u00a0\u00bb][et_pb_blurb title=\u00a0\u00bbUne Ecole \u00e0 taille humaine\u00a0\u00bb use_icon=\u00a0\u00bbon\u00a0\u00bb font_icon=\u00a0\u00bb&#xe009;||divi||400&Prime; _builder_version=\u00a0\u00bb4.23.1&Prime; _module_preset=\u00a0\u00bbdefault\u00a0\u00bb header_level=\u00a0\u00bbh3&Prime; global_colors_info=\u00a0\u00bb{}\u00a0\u00bb]<\/p>\n<p>L\u2019\u00e9cole <i>Samayama<\/i> est une formation de <em>shiatsu <\/em>fond\u00e9e par <a href=\"https:\/\/nicolas-truffart.pro\/osteopathe-inclusif-bayonne\/nicolas-truffart\/\" target=\"_blank\" rel=\"noopener\">Nicolas Truffart<\/a> ost\u00e9opathe sp\u00e9cialiste en shiatsu. En outre, cette formation accueille des petits groupes d\u2019\u00e9l\u00e8ves . Ainsi le suivi des \u00e9l\u00e8ves est personnalis\u00e9 dans un esprit de bienveillance.\u00a0 Transversalement, l&rsquo;\u00e9l\u00e8ve am\u00e9liore ses comp\u00e9tences palpatoires, en sus du tronc commun comprenant la th\u00e9orie de la m\u00e9decine extr\u00e8me-orientale et les aspects pratiques du Koho Shiatsu. En compl\u00e9ment, formation porte l\u2019accent sur le d\u00e9veloppement personnel du praticien.<\/p>\n<p>[\/et_pb_blurb][\/et_pb_column][et_pb_column type=\u00a0\u00bb1_2&Prime; _builder_version=\u00a0\u00bb4.22.1&Prime; _module_preset=\u00a0\u00bbdefault\u00a0\u00bb global_colors_info=\u00a0\u00bb{}\u00a0\u00bb][et_pb_blurb title=\u00a0\u00bbLa sp\u00e9cificit\u00e9 de l\u2019\u00e9cole Samayama\u00a0\u00bb use_icon=\u00a0\u00bbon\u00a0\u00bb font_icon=\u00a0\u00bb&#xf140;||fa||900&Prime; _builder_version=\u00a0\u00bb4.23.1&Prime; _module_preset=\u00a0\u00bbdefault\u00a0\u00bb header_level=\u00a0\u00bbh3&Prime; custom_margin=\u00a0\u00bb||-6px|||\u00a0\u00bb hover_enabled=\u00a0\u00bb0&Prime; global_colors_info=\u00a0\u00bb{}\u00a0\u00bb sticky_enabled=\u00a0\u00bb0&Prime;]<\/p>\n<p>Les enseignements dispens\u00e9s dans l\u2019\u00e9cole <i>Samayama<\/i> renforcent les comp\u00e9tences d\u2019anatomie palpatoire appliqu\u00e9e \u00e0 la pratique du <em>shiatsu<\/em>. Par ailleurs, elle offre des outils pr\u00e9cieux afin de d\u00e9velopper ses perceptions sensorielles. Enfin, elle ouvre une porte sur l\u2019approche des fascias du corps.<\/p>\n<p>L\u2019accent est mis sur le d\u00e9veloppement personnel du praticien. En effet, ce dernier est consid\u00e9r\u00e9 comme une fondation de la qualit\u00e9 de la relation d&rsquo;aide au m\u00eame titre que les comp\u00e9tences professionnelles.<\/p>\n<p>&nbsp;<\/p>\n<p>&nbsp;<\/p>\n<p>&nbsp;<\/p>\n<p>[\/et_pb_blurb][et_pb_blurb title=\u00a0\u00bbLa localisation de l\u2019\u00e9cole de shiatsu Samayama\u00a0\u00bb use_icon=\u00a0\u00bbon\u00a0\u00bb font_icon=\u00a0\u00bb&#xe081;||divi||400&Prime; _builder_version=\u00a0\u00bb4.23.1&Prime; _module_preset=\u00a0\u00bbdefault\u00a0\u00bb header_level=\u00a0\u00bbh3&Prime; min_height=\u00a0\u00bb345.6px\u00a0\u00bb custom_padding=\u00a0\u00bb||6px|||\u00a0\u00bb global_colors_info=\u00a0\u00bb{}\u00a0\u00bb]<\/p>\n<p>L\u2019\u00e9cole <i>Samayama<\/i> se situe au coeur de la ville de Bayonne au Pays Basque, au 11 rue de Luc . Par cons\u00e9quent, l\u2019acc\u00e8s y est facile par la gare SNCF Saint Esprit ou l\u2019a\u00e9roport de Biarritz et les transports en commun . De plus la zone est aussi bien desservie en pistes cyclables et en parkings \u00e0 v\u00e9lo. Les cours sont dispens\u00e9s en <a href=\"https:\/\/samayama.com\/index.php\/formation-shiatsu-sud-ouest-france\/planning-des-cours-de-koho-shiatsu-en-2024\/\" target=\"_blank\" rel=\"noopener\">5 s\u00e9minaires de 4 jours par an<\/a>.<\/p>\n<p>[\/et_pb_blurb][\/et_pb_column][\/et_pb_row][\/et_pb_section]<\/p>\n","protected":false},"excerpt":{"rendered":"<p>Se former pour d\u00e9couvrir et pratiquer le Shiatsu : une formation \u00e0 Bayonne, au Pays Basque, d\u00e9partement des Pyr\u00e9n\u00e9es altantiques (64), r\u00e9gion Nouvelle AquitaineStage de pratique ouvert \u00e0\u00a0 tous, pour d\u00e9couvrir ou approffondir ses acquis. Le stage coute 50 \u20ac par participant et sera suivi d&rsquo;un repas au restaurant d&rsquo;\u00e0 c\u00f4t\u00e9 pour ceux qui le [&hellip;]<\/p>\n","protected":false},"author":1,"featured_media":0,"parent":0,"menu_order":0,"comment_status":"closed","ping_status":"closed","template":"","meta":{"_et_pb_use_builder":"on","_et_pb_old_content":"","_et_gb_content_width":"","footnotes":""},"class_list":["post-200","page","type-page","status-publish","hentry"],"yoast_head":"<!-- This site is optimized with the Yoast SEO plugin v21.8 - https:\/\/yoast.com\/wordpress\/plugins\/seo\/ -->\n<title>Ecole Samayama : Formation de Shiatsu \u00e0 Bayonne<\/title>\n<meta name=\"description\" content=\"Formation approfondie de shiatsu (massage japonais ) en 4 ans (560H) \u00e0 Bayonne 64 dans le sud ouest de la France, Nouvelle Aquitaine\" \/>\n<meta name=\"robots\" content=\"index, follow, max-snippet:-1, max-image-preview:large, max-video-preview:-1\" \/>\n<link rel=\"canonical\" href=\"https:\/\/samayama.com\/\" \/>\n<meta property=\"og:locale\" content=\"fr_FR\" \/>\n<meta property=\"og:type\" content=\"article\" \/>\n<meta property=\"og:title\" content=\"Formation de Koho Shiatsu \u00e0 Bayonne\" \/>\n<meta property=\"og:description\" content=\"D\u00e9couvrez la nouvelle formation de koho shiatsu Samayama \u00e0 Bayonne. Cursus en 4 ans avec une approche sur le d\u00e9veloppement personnel du praticien.\" \/>\n<meta property=\"og:url\" content=\"https:\/\/samayama.com\/\" \/>\n<meta property=\"og:site_name\" content=\"Samayama\" \/>\n<meta property=\"article:publisher\" content=\"https:\/\/www.facebook.com\/profile.php?id=100066668590093\" \/>\n<meta property=\"article:modified_time\" content=\"2025-11-09T11:04:13+00:00\" \/>\n<meta property=\"og:image\" content=\"https:\/\/samayama.com\/wp-content\/uploads\/2023\/08\/samayamaecolede-shiatsu2000.png\" \/>\n\t<meta property=\"og:image:width\" content=\"2000\" \/>\n\t<meta property=\"og:image:height\" content=\"1555\" \/>\n\t<meta property=\"og:image:type\" content=\"image\/png\" \/>\n<meta name=\"twitter:card\" content=\"summary_large_image\" \/>\n<meta name=\"twitter:site\" content=\"@osteoinclusive\" \/>\n<meta name=\"twitter:label1\" content=\"Dur\u00e9e de lecture estim\u00e9e\" \/>\n\t<meta name=\"twitter:data1\" content=\"6 minutes\" \/>\n<script type=\"application\/ld+json\" class=\"yoast-schema-graph\">{\"@context\":\"https:\/\/schema.org\",\"@graph\":[{\"@type\":\"WebPage\",\"@id\":\"https:\/\/samayama.com\/\",\"url\":\"https:\/\/samayama.com\/\",\"name\":\"Ecole Samayama : Formation de Shiatsu \u00e0 Bayonne\",\"isPartOf\":{\"@id\":\"https:\/\/samayama.com\/#website\"},\"datePublished\":\"2023-08-20T17:19:00+00:00\",\"dateModified\":\"2025-11-09T11:04:13+00:00\",\"description\":\"Formation approfondie de shiatsu (massage japonais ) en 4 ans (560H) \u00e0 Bayonne 64 dans le sud ouest de la France, Nouvelle Aquitaine\",\"breadcrumb\":{\"@id\":\"https:\/\/samayama.com\/#breadcrumb\"},\"inLanguage\":\"fr-FR\",\"potentialAction\":[{\"@type\":\"ReadAction\",\"target\":[\"https:\/\/samayama.com\/\"]}]},{\"@type\":\"BreadcrumbList\",\"@id\":\"https:\/\/samayama.com\/#breadcrumb\",\"itemListElement\":[{\"@type\":\"ListItem\",\"position\":1,\"name\":\"Accueil\",\"item\":\"https:\/\/samayama.com\/\"},{\"@type\":\"ListItem\",\"position\":2,\"name\":\"Ecole Samayama : Formation de Shiatsu \u00e0 Bayonne\"}]},{\"@type\":\"WebSite\",\"@id\":\"https:\/\/samayama.com\/#website\",\"url\":\"https:\/\/samayama.com\/\",\"name\":\"Samayama, \u00e9cole de Koho Shiatsu\",\"description\":\"Ecole de Shiatsu \u00e0 Bayonne, Pays Basque\",\"publisher\":{\"@id\":\"https:\/\/samayama.com\/#organization\"},\"potentialAction\":[{\"@type\":\"SearchAction\",\"target\":{\"@type\":\"EntryPoint\",\"urlTemplate\":\"https:\/\/samayama.com\/?s={search_term_string}\"},\"query-input\":\"required name=search_term_string\"}],\"inLanguage\":\"fr-FR\"},{\"@type\":\"Organization\",\"@id\":\"https:\/\/samayama.com\/#organization\",\"name\":\"Samayama, \u00e9cole de Koho Shiatsu\",\"url\":\"https:\/\/samayama.com\/\",\"logo\":{\"@type\":\"ImageObject\",\"inLanguage\":\"fr-FR\",\"@id\":\"https:\/\/samayama.com\/#\/schema\/logo\/image\/\",\"url\":\"https:\/\/samayama.com\/wp-content\/uploads\/2023\/08\/samayamaecolede-shiatsu2000.png\",\"contentUrl\":\"https:\/\/samayama.com\/wp-content\/uploads\/2023\/08\/samayamaecolede-shiatsu2000.png\",\"width\":2000,\"height\":1555,\"caption\":\"Samayama, \u00e9cole de Koho Shiatsu\"},\"image\":{\"@id\":\"https:\/\/samayama.com\/#\/schema\/logo\/image\/\"},\"sameAs\":[\"https:\/\/www.facebook.com\/profile.php?id=100066668590093\",\"https:\/\/twitter.com\/osteoinclusive\",\"https:\/\/www.linkedin.com\/in\/nicolas-truffart-1b024373\/\"]}]}<\/script>\n<!-- \/ Yoast SEO plugin. -->","yoast_head_json":{"title":"Ecole Samayama : Formation de Shiatsu \u00e0 Bayonne","description":"Formation approfondie de shiatsu (massage japonais ) en 4 ans (560H) \u00e0 Bayonne 64 dans le sud ouest de la France, Nouvelle Aquitaine","robots":{"index":"index","follow":"follow","max-snippet":"max-snippet:-1","max-image-preview":"max-image-preview:large","max-video-preview":"max-video-preview:-1"},"canonical":"https:\/\/samayama.com\/","og_locale":"fr_FR","og_type":"article","og_title":"Formation de Koho Shiatsu \u00e0 Bayonne","og_description":"D\u00e9couvrez la nouvelle formation de koho shiatsu Samayama \u00e0 Bayonne. Cursus en 4 ans avec une approche sur le d\u00e9veloppement personnel du praticien.","og_url":"https:\/\/samayama.com\/","og_site_name":"Samayama","article_publisher":"https:\/\/www.facebook.com\/profile.php?id=100066668590093","article_modified_time":"2025-11-09T11:04:13+00:00","og_image":[{"width":2000,"height":1555,"url":"https:\/\/samayama.com\/wp-content\/uploads\/2023\/08\/samayamaecolede-shiatsu2000.png","type":"image\/png"}],"twitter_card":"summary_large_image","twitter_site":"@osteoinclusive","twitter_misc":{"Dur\u00e9e de lecture estim\u00e9e":"6 minutes"},"schema":{"@context":"https:\/\/schema.org","@graph":[{"@type":"WebPage","@id":"https:\/\/samayama.com\/","url":"https:\/\/samayama.com\/","name":"Ecole Samayama : Formation de Shiatsu \u00e0 Bayonne","isPartOf":{"@id":"https:\/\/samayama.com\/#website"},"datePublished":"2023-08-20T17:19:00+00:00","dateModified":"2025-11-09T11:04:13+00:00","description":"Formation approfondie de shiatsu (massage japonais ) en 4 ans (560H) \u00e0 Bayonne 64 dans le sud ouest de la France, Nouvelle Aquitaine","breadcrumb":{"@id":"https:\/\/samayama.com\/#breadcrumb"},"inLanguage":"fr-FR","potentialAction":[{"@type":"ReadAction","target":["https:\/\/samayama.com\/"]}]},{"@type":"BreadcrumbList","@id":"https:\/\/samayama.com\/#breadcrumb","itemListElement":[{"@type":"ListItem","position":1,"name":"Accueil","item":"https:\/\/samayama.com\/"},{"@type":"ListItem","position":2,"name":"Ecole Samayama : Formation de Shiatsu \u00e0 Bayonne"}]},{"@type":"WebSite","@id":"https:\/\/samayama.com\/#website","url":"https:\/\/samayama.com\/","name":"Samayama, \u00e9cole de Koho Shiatsu","description":"Ecole de Shiatsu \u00e0 Bayonne, Pays Basque","publisher":{"@id":"https:\/\/samayama.com\/#organization"},"potentialAction":[{"@type":"SearchAction","target":{"@type":"EntryPoint","urlTemplate":"https:\/\/samayama.com\/?s={search_term_string}"},"query-input":"required name=search_term_string"}],"inLanguage":"fr-FR"},{"@type":"Organization","@id":"https:\/\/samayama.com\/#organization","name":"Samayama, \u00e9cole de Koho Shiatsu","url":"https:\/\/samayama.com\/","logo":{"@type":"ImageObject","inLanguage":"fr-FR","@id":"https:\/\/samayama.com\/#\/schema\/logo\/image\/","url":"https:\/\/samayama.com\/wp-content\/uploads\/2023\/08\/samayamaecolede-shiatsu2000.png","contentUrl":"https:\/\/samayama.com\/wp-content\/uploads\/2023\/08\/samayamaecolede-shiatsu2000.png","width":2000,"height":1555,"caption":"Samayama, \u00e9cole de Koho Shiatsu"},"image":{"@id":"https:\/\/samayama.com\/#\/schema\/logo\/image\/"},"sameAs":["https:\/\/www.facebook.com\/profile.php?id=100066668590093","https:\/\/twitter.com\/osteoinclusive","https:\/\/www.linkedin.com\/in\/nicolas-truffart-1b024373\/"]}]}},"_links":{"self":[{"href":"https:\/\/samayama.com\/index.php\/wp-json\/wp\/v2\/pages\/200","targetHints":{"allow":["GET"]}}],"collection":[{"href":"https:\/\/samayama.com\/index.php\/wp-json\/wp\/v2\/pages"}],"about":[{"href":"https:\/\/samayama.com\/index.php\/wp-json\/wp\/v2\/types\/page"}],"author":[{"embeddable":true,"href":"https:\/\/samayama.com\/index.php\/wp-json\/wp\/v2\/users\/1"}],"replies":[{"embeddable":true,"href":"https:\/\/samayama.com\/index.php\/wp-json\/wp\/v2\/comments?post=200"}],"version-history":[{"count":46,"href":"https:\/\/samayama.com\/index.php\/wp-json\/wp\/v2\/pages\/200\/revisions"}],"predecessor-version":[{"id":527,"href":"https:\/\/samayama.com\/index.php\/wp-json\/wp\/v2\/pages\/200\/revisions\/527"}],"wp:attachment":[{"href":"https:\/\/samayama.com\/index.php\/wp-json\/wp\/v2\/media?parent=200"}],"curies":[{"name":"wp","href":"https:\/\/api.w.org\/{rel}","templated":true}]}}