{"id":74,"date":"2023-08-17T12:12:46","date_gmt":"2023-08-17T10:12:46","guid":{"rendered":"https:\/\/samayama.com\/?page_id=74"},"modified":"2024-06-01T11:34:16","modified_gmt":"2024-06-01T09:34:16","slug":"contact","status":"publish","type":"page","link":"https:\/\/samayama.com\/index.php\/formation-massage-shiatsu-france\/contact\/","title":{"rendered":"Contact"},"content":{"rendered":"<p>[et_pb_section fb_built=\u00a0\u00bb1&Prime; _builder_version=\u00a0\u00bb4.18.1&Prime; _module_preset=\u00a0\u00bbdefault\u00a0\u00bb global_colors_info=\u00a0\u00bb{}\u00a0\u00bb][et_pb_row _builder_version=\u00a0\u00bb4.18.1&Prime; _module_preset=\u00a0\u00bbdefault\u00a0\u00bb global_colors_info=\u00a0\u00bb{}\u00a0\u00bb][et_pb_column type=\u00a0\u00bb4_4&Prime; _builder_version=\u00a0\u00bb4.18.1&Prime; _module_preset=\u00a0\u00bbdefault\u00a0\u00bb global_colors_info=\u00a0\u00bb{}\u00a0\u00bb][et_pb_team_member name=\u00a0\u00bbNicolas Truffart \u00a0\u00bb position=\u00a0\u00bbG\u00e9rant Samayama\u00a0\u00bb image_url=\u00a0\u00bbhttps:\/\/samayama.com\/wp-content\/uploads\/2023\/08\/Snapchat-1484281580.jpg\u00a0\u00bb facebook_url=\u00a0\u00bbhttps:\/\/www.facebook.com\/profile.php?id=100066668590093&Prime; twitter_url=\u00a0\u00bbhttps:\/\/twitter.com\/osteoinclusive\u00a0\u00bb linkedin_url=\u00a0\u00bbhttps:\/\/www.linkedin.com\/in\/nicolas-truffart-1b024373\/\u00a0\u00bb _builder_version=\u00a0\u00bb4.18.1&Prime; _module_preset=\u00a0\u00bbdefault\u00a0\u00bb border_radii_image=\u00a0\u00bbon|20px|20px|20px|20px\u00a0\u00bb border_width_all_image=\u00a0\u00bb10px\u00a0\u00bb border_color_all_image=\u00a0\u00bb#3C6E71&Prime; border_style_all_image=\u00a0\u00bbdouble\u00a0\u00bb global_colors_info=\u00a0\u00bb{}\u00a0\u00bb]<\/p>\n<p>Bonjour et bienvnue sur le site de l&rsquo;\u00e9cole Samayama\u00a9 qui forme les praticiens de Shiatsu au Pays Basque.<\/p>\n<p>Pour tout renseignement compl\u00e9mentaire \u00e0 ceux d\u00e9j\u00e0 pr\u00e9sents sur ce site, n&rsquo;h\u00e9sitez pas \u00e0 me contacter par un des moyens de contact pr\u00e9sents sur cette page.<\/p>\n<p>Cordiales salutations,<\/p>\n<p>Nicolas Truffart<\/p>\n<p>[\/et_pb_team_member][et_pb_accordion _builder_version=\u00a0\u00bb4.23.1&Prime; _module_preset=\u00a0\u00bbdefault\u00a0\u00bb hover_enabled=\u00a0\u00bb0&Prime; border_radii=\u00a0\u00bbon|20px|20px|20px|20px\u00a0\u00bb border_width_all=\u00a0\u00bb10px\u00a0\u00bb border_color_all=\u00a0\u00bb#3C6E71&Prime; border_style_all=\u00a0\u00bbdouble\u00a0\u00bb global_colors_info=\u00a0\u00bb{}\u00a0\u00bb sticky_enabled=\u00a0\u00bb0&Prime;][et_pb_accordion_item title=\u00a0\u00bbT\u00e9l\u00e9phone\u00a0\u00bb open=\u00a0\u00bboff\u00a0\u00bb _builder_version=\u00a0\u00bb4.18.1&Prime; _module_preset=\u00a0\u00bbdefault\u00a0\u00bb global_colors_info=\u00a0\u00bb{}\u00a0\u00bb]<\/p>\n<p>0622691528<\/p>\n<p>[\/et_pb_accordion_item][et_pb_accordion_item title=\u00a0\u00bbAdresse\u00a0\u00bb _builder_version=\u00a0\u00bb4.18.1&Prime; _module_preset=\u00a0\u00bbdefault\u00a0\u00bb global_colors_info=\u00a0\u00bb{}\u00a0\u00bb open=\u00a0\u00bboff\u00a0\u00bb]<\/p>\n<p>Samayama<\/p>\n<p>11 rue de Luc<\/p>\n<p>64100 Bayonne<\/p>\n<p>[\/et_pb_accordion_item][et_pb_accordion_item title=\u00a0\u00bbMail\u00a0\u00bb _builder_version=\u00a0\u00bb4.18.1&Prime; _module_preset=\u00a0\u00bbdefault\u00a0\u00bb global_colors_info=\u00a0\u00bb{}\u00a0\u00bb open=\u00a0\u00bbon\u00a0\u00bb]<\/p>\n<p>contact@samayama.com<\/p>\n<p>[\/et_pb_accordion_item][\/et_pb_accordion][et_pb_contact_form _builder_version=\u00a0\u00bb4.23.1&Prime; _module_preset=\u00a0\u00bbdefault\u00a0\u00bb _unique_id=\u00a0\u00bb506270af-8f28-4b08-93be-b74dff9fb29c\u00a0\u00bb animation_style=\u00a0\u00bbbounce\u00a0\u00bb hover_enabled=\u00a0\u00bb0&Prime; sticky_enabled=\u00a0\u00bb0&Prime;][et_pb_contact_field field_id=\u00a0\u00bbName\u00a0\u00bb field_title=\u00a0\u00bbQuel est votre nom?\u00a0\u00bb _builder_version=\u00a0\u00bb4.23.1&Prime; hover_enabled=\u00a0\u00bb0&Prime; global_colors_info=\u00a0\u00bb{}\u00a0\u00bb button_text_size__hover_enabled=\u00a0\u00bboff\u00a0\u00bb button_one_text_size__hover_enabled=\u00a0\u00bboff\u00a0\u00bb button_two_text_size__hover_enabled=\u00a0\u00bboff\u00a0\u00bb button_text_color__hover_enabled=\u00a0\u00bboff\u00a0\u00bb button_one_text_color__hover_enabled=\u00a0\u00bboff\u00a0\u00bb button_two_text_color__hover_enabled=\u00a0\u00bboff\u00a0\u00bb button_border_width__hover_enabled=\u00a0\u00bboff\u00a0\u00bb button_one_border_width__hover_enabled=\u00a0\u00bboff\u00a0\u00bb button_two_border_width__hover_enabled=\u00a0\u00bboff\u00a0\u00bb button_border_color__hover_enabled=\u00a0\u00bboff\u00a0\u00bb button_one_border_color__hover_enabled=\u00a0\u00bboff\u00a0\u00bb button_two_border_color__hover_enabled=\u00a0\u00bboff\u00a0\u00bb button_border_radius__hover_enabled=\u00a0\u00bboff\u00a0\u00bb button_one_border_radius__hover_enabled=\u00a0\u00bboff\u00a0\u00bb button_two_border_radius__hover_enabled=\u00a0\u00bboff\u00a0\u00bb button_letter_spacing__hover_enabled=\u00a0\u00bboff\u00a0\u00bb button_one_letter_spacing__hover_enabled=\u00a0\u00bboff\u00a0\u00bb button_two_letter_spacing__hover_enabled=\u00a0\u00bboff\u00a0\u00bb button_bg_color__hover_enabled=\u00a0\u00bboff\u00a0\u00bb button_one_bg_color__hover_enabled=\u00a0\u00bboff\u00a0\u00bb button_two_bg_color__hover_enabled=\u00a0\u00bboff\u00a0\u00bb sticky_enabled=\u00a0\u00bb0&Prime;][\/et_pb_contact_field][et_pb_contact_field field_id=\u00a0\u00bbEmail\u00a0\u00bb field_title=\u00a0\u00bbQuelle est votre adresse e-mail?\u00a0\u00bb field_type=\u00a0\u00bbemail\u00a0\u00bb _builder_version=\u00a0\u00bb4.23.1&Prime; hover_enabled=\u00a0\u00bb0&Prime; global_colors_info=\u00a0\u00bb{}\u00a0\u00bb button_text_size__hover_enabled=\u00a0\u00bboff\u00a0\u00bb button_one_text_size__hover_enabled=\u00a0\u00bboff\u00a0\u00bb button_two_text_size__hover_enabled=\u00a0\u00bboff\u00a0\u00bb button_text_color__hover_enabled=\u00a0\u00bboff\u00a0\u00bb button_one_text_color__hover_enabled=\u00a0\u00bboff\u00a0\u00bb button_two_text_color__hover_enabled=\u00a0\u00bboff\u00a0\u00bb button_border_width__hover_enabled=\u00a0\u00bboff\u00a0\u00bb button_one_border_width__hover_enabled=\u00a0\u00bboff\u00a0\u00bb button_two_border_width__hover_enabled=\u00a0\u00bboff\u00a0\u00bb button_border_color__hover_enabled=\u00a0\u00bboff\u00a0\u00bb button_one_border_color__hover_enabled=\u00a0\u00bboff\u00a0\u00bb button_two_border_color__hover_enabled=\u00a0\u00bboff\u00a0\u00bb button_border_radius__hover_enabled=\u00a0\u00bboff\u00a0\u00bb button_one_border_radius__hover_enabled=\u00a0\u00bboff\u00a0\u00bb button_two_border_radius__hover_enabled=\u00a0\u00bboff\u00a0\u00bb button_letter_spacing__hover_enabled=\u00a0\u00bboff\u00a0\u00bb button_one_letter_spacing__hover_enabled=\u00a0\u00bboff\u00a0\u00bb button_two_letter_spacing__hover_enabled=\u00a0\u00bboff\u00a0\u00bb button_bg_color__hover_enabled=\u00a0\u00bboff\u00a0\u00bb button_one_bg_color__hover_enabled=\u00a0\u00bboff\u00a0\u00bb button_two_bg_color__hover_enabled=\u00a0\u00bboff\u00a0\u00bb sticky_enabled=\u00a0\u00bb0&Prime;][\/et_pb_contact_field][et_pb_contact_field field_id=\u00a0\u00bbMessage\u00a0\u00bb field_title=\u00a0\u00bbVotre Message\u00a0\u00bb field_type=\u00a0\u00bbtext\u00a0\u00bb fullwidth_field=\u00a0\u00bbon\u00a0\u00bb _builder_version=\u00a0\u00bb4.23.1&Prime; hover_enabled=\u00a0\u00bb0&Prime; global_colors_info=\u00a0\u00bb{}\u00a0\u00bb button_text_size__hover_enabled=\u00a0\u00bboff\u00a0\u00bb button_one_text_size__hover_enabled=\u00a0\u00bboff\u00a0\u00bb button_two_text_size__hover_enabled=\u00a0\u00bboff\u00a0\u00bb button_text_color__hover_enabled=\u00a0\u00bboff\u00a0\u00bb button_one_text_color__hover_enabled=\u00a0\u00bboff\u00a0\u00bb button_two_text_color__hover_enabled=\u00a0\u00bboff\u00a0\u00bb button_border_width__hover_enabled=\u00a0\u00bboff\u00a0\u00bb button_one_border_width__hover_enabled=\u00a0\u00bboff\u00a0\u00bb button_two_border_width__hover_enabled=\u00a0\u00bboff\u00a0\u00bb button_border_color__hover_enabled=\u00a0\u00bboff\u00a0\u00bb button_one_border_color__hover_enabled=\u00a0\u00bboff\u00a0\u00bb button_two_border_color__hover_enabled=\u00a0\u00bboff\u00a0\u00bb button_border_radius__hover_enabled=\u00a0\u00bboff\u00a0\u00bb button_one_border_radius__hover_enabled=\u00a0\u00bboff\u00a0\u00bb button_two_border_radius__hover_enabled=\u00a0\u00bboff\u00a0\u00bb button_letter_spacing__hover_enabled=\u00a0\u00bboff\u00a0\u00bb button_one_letter_spacing__hover_enabled=\u00a0\u00bboff\u00a0\u00bb button_two_letter_spacing__hover_enabled=\u00a0\u00bboff\u00a0\u00bb button_bg_color__hover_enabled=\u00a0\u00bboff\u00a0\u00bb button_one_bg_color__hover_enabled=\u00a0\u00bboff\u00a0\u00bb button_two_bg_color__hover_enabled=\u00a0\u00bboff\u00a0\u00bb sticky_enabled=\u00a0\u00bb0&Prime;][\/et_pb_contact_field][\/et_pb_contact_form][\/et_pb_column][\/et_pb_row][\/et_pb_section]<\/p>\n","protected":false},"excerpt":{"rendered":"<p>Bonjour et bienvnue sur le site de l&rsquo;\u00e9cole Samayama\u00a9 qui forme les praticiens de Shiatsu au Pays Basque. Pour tout renseignement compl\u00e9mentaire \u00e0 ceux d\u00e9j\u00e0 pr\u00e9sents sur ce site, n&rsquo;h\u00e9sitez pas \u00e0 me contacter par un des moyens de contact pr\u00e9sents sur cette page. Cordiales salutations, Nicolas Truffart0622691528Samayama 11 rue de Luc 64100 Bayonnecontact@samayama.com<\/p>\n","protected":false},"author":1,"featured_media":0,"parent":200,"menu_order":3,"comment_status":"closed","ping_status":"closed","template":"","meta":{"_et_pb_use_builder":"on","_et_pb_old_content":"","_et_gb_content_width":"","footnotes":""},"class_list":["post-74","page","type-page","status-publish","hentry"],"yoast_head":"<!-- This site is optimized with the Yoast SEO plugin v21.8 - https:\/\/yoast.com\/wordpress\/plugins\/seo\/ -->\n<title>Contact - Samayama<\/title>\n<meta name=\"robots\" content=\"index, follow, max-snippet:-1, max-image-preview:large, max-video-preview:-1\" \/>\n<link rel=\"canonical\" href=\"https:\/\/samayama.com\/index.php\/formation-massage-shiatsu-france\/contact\/\" \/>\n<meta property=\"og:locale\" content=\"fr_FR\" \/>\n<meta property=\"og:type\" content=\"article\" \/>\n<meta property=\"og:title\" content=\"Contact - Samayama\" \/>\n<meta property=\"og:description\" content=\"Bonjour et bienvnue sur le site de l&#039;\u00e9cole Samayama\u00a9 qui forme les praticiens de Shiatsu au Pays Basque. Pour tout renseignement compl\u00e9mentaire \u00e0 ceux d\u00e9j\u00e0 pr\u00e9sents sur ce site, n&#039;h\u00e9sitez pas \u00e0 me contacter par un des moyens de contact pr\u00e9sents sur cette page. Cordiales salutations, Nicolas Truffart0622691528Samayama 11 rue de Luc 64100 Bayonnecontact@samayama.com\" \/>\n<meta property=\"og:url\" content=\"https:\/\/samayama.com\/index.php\/formation-massage-shiatsu-france\/contact\/\" \/>\n<meta property=\"og:site_name\" content=\"Samayama\" \/>\n<meta property=\"article:publisher\" content=\"https:\/\/www.facebook.com\/profile.php?id=100066668590093\" \/>\n<meta property=\"article:modified_time\" content=\"2024-06-01T09:34:16+00:00\" \/>\n<meta name=\"twitter:card\" content=\"summary_large_image\" \/>\n<meta name=\"twitter:site\" content=\"@osteoinclusive\" \/>\n<meta name=\"twitter:label1\" content=\"Dur\u00e9e de lecture estim\u00e9e\" \/>\n\t<meta name=\"twitter:data1\" content=\"4 minutes\" \/>\n<script type=\"application\/ld+json\" class=\"yoast-schema-graph\">{\"@context\":\"https:\/\/schema.org\",\"@graph\":[{\"@type\":\"WebPage\",\"@id\":\"https:\/\/samayama.com\/index.php\/formation-massage-shiatsu-france\/contact\/\",\"url\":\"https:\/\/samayama.com\/index.php\/formation-massage-shiatsu-france\/contact\/\",\"name\":\"Contact - Samayama\",\"isPartOf\":{\"@id\":\"https:\/\/samayama.com\/#website\"},\"datePublished\":\"2023-08-17T10:12:46+00:00\",\"dateModified\":\"2024-06-01T09:34:16+00:00\",\"breadcrumb\":{\"@id\":\"https:\/\/samayama.com\/index.php\/formation-massage-shiatsu-france\/contact\/#breadcrumb\"},\"inLanguage\":\"fr-FR\",\"potentialAction\":[{\"@type\":\"ReadAction\",\"target\":[\"https:\/\/samayama.com\/index.php\/formation-massage-shiatsu-france\/contact\/\"]}]},{\"@type\":\"BreadcrumbList\",\"@id\":\"https:\/\/samayama.com\/index.php\/formation-massage-shiatsu-france\/contact\/#breadcrumb\",\"itemListElement\":[{\"@type\":\"ListItem\",\"position\":1,\"name\":\"Accueil\",\"item\":\"https:\/\/samayama.com\/\"},{\"@type\":\"ListItem\",\"position\":2,\"name\":\"Ecole Samayama : Formation de Shiatsu \u00e0 Bayonne\",\"item\":\"https:\/\/samayama.com\/\"},{\"@type\":\"ListItem\",\"position\":3,\"name\":\"Contact\"}]},{\"@type\":\"WebSite\",\"@id\":\"https:\/\/samayama.com\/#website\",\"url\":\"https:\/\/samayama.com\/\",\"name\":\"Samayama, \u00e9cole de Koho Shiatsu\",\"description\":\"Ecole de Shiatsu \u00e0 Bayonne, Pays Basque\",\"publisher\":{\"@id\":\"https:\/\/samayama.com\/#organization\"},\"potentialAction\":[{\"@type\":\"SearchAction\",\"target\":{\"@type\":\"EntryPoint\",\"urlTemplate\":\"https:\/\/samayama.com\/?s={search_term_string}\"},\"query-input\":\"required name=search_term_string\"}],\"inLanguage\":\"fr-FR\"},{\"@type\":\"Organization\",\"@id\":\"https:\/\/samayama.com\/#organization\",\"name\":\"Samayama, \u00e9cole de Koho Shiatsu\",\"url\":\"https:\/\/samayama.com\/\",\"logo\":{\"@type\":\"ImageObject\",\"inLanguage\":\"fr-FR\",\"@id\":\"https:\/\/samayama.com\/#\/schema\/logo\/image\/\",\"url\":\"https:\/\/samayama.com\/wp-content\/uploads\/2023\/08\/samayamaecolede-shiatsu2000.png\",\"contentUrl\":\"https:\/\/samayama.com\/wp-content\/uploads\/2023\/08\/samayamaecolede-shiatsu2000.png\",\"width\":2000,\"height\":1555,\"caption\":\"Samayama, \u00e9cole de Koho Shiatsu\"},\"image\":{\"@id\":\"https:\/\/samayama.com\/#\/schema\/logo\/image\/\"},\"sameAs\":[\"https:\/\/www.facebook.com\/profile.php?id=100066668590093\",\"https:\/\/twitter.com\/osteoinclusive\",\"https:\/\/www.linkedin.com\/in\/nicolas-truffart-1b024373\/\"]}]}<\/script>\n<!-- \/ Yoast SEO plugin. -->","yoast_head_json":{"title":"Contact - Samayama","robots":{"index":"index","follow":"follow","max-snippet":"max-snippet:-1","max-image-preview":"max-image-preview:large","max-video-preview":"max-video-preview:-1"},"canonical":"https:\/\/samayama.com\/index.php\/formation-massage-shiatsu-france\/contact\/","og_locale":"fr_FR","og_type":"article","og_title":"Contact - Samayama","og_description":"Bonjour et bienvnue sur le site de l'\u00e9cole Samayama\u00a9 qui forme les praticiens de Shiatsu au Pays Basque. Pour tout renseignement compl\u00e9mentaire \u00e0 ceux d\u00e9j\u00e0 pr\u00e9sents sur ce site, n'h\u00e9sitez pas \u00e0 me contacter par un des moyens de contact pr\u00e9sents sur cette page. Cordiales salutations, Nicolas Truffart0622691528Samayama 11 rue de Luc 64100 Bayonnecontact@samayama.com","og_url":"https:\/\/samayama.com\/index.php\/formation-massage-shiatsu-france\/contact\/","og_site_name":"Samayama","article_publisher":"https:\/\/www.facebook.com\/profile.php?id=100066668590093","article_modified_time":"2024-06-01T09:34:16+00:00","twitter_card":"summary_large_image","twitter_site":"@osteoinclusive","twitter_misc":{"Dur\u00e9e de lecture estim\u00e9e":"4 minutes"},"schema":{"@context":"https:\/\/schema.org","@graph":[{"@type":"WebPage","@id":"https:\/\/samayama.com\/index.php\/formation-massage-shiatsu-france\/contact\/","url":"https:\/\/samayama.com\/index.php\/formation-massage-shiatsu-france\/contact\/","name":"Contact - Samayama","isPartOf":{"@id":"https:\/\/samayama.com\/#website"},"datePublished":"2023-08-17T10:12:46+00:00","dateModified":"2024-06-01T09:34:16+00:00","breadcrumb":{"@id":"https:\/\/samayama.com\/index.php\/formation-massage-shiatsu-france\/contact\/#breadcrumb"},"inLanguage":"fr-FR","potentialAction":[{"@type":"ReadAction","target":["https:\/\/samayama.com\/index.php\/formation-massage-shiatsu-france\/contact\/"]}]},{"@type":"BreadcrumbList","@id":"https:\/\/samayama.com\/index.php\/formation-massage-shiatsu-france\/contact\/#breadcrumb","itemListElement":[{"@type":"ListItem","position":1,"name":"Accueil","item":"https:\/\/samayama.com\/"},{"@type":"ListItem","position":2,"name":"Ecole Samayama : Formation de Shiatsu \u00e0 Bayonne","item":"https:\/\/samayama.com\/"},{"@type":"ListItem","position":3,"name":"Contact"}]},{"@type":"WebSite","@id":"https:\/\/samayama.com\/#website","url":"https:\/\/samayama.com\/","name":"Samayama, \u00e9cole de Koho Shiatsu","description":"Ecole de Shiatsu \u00e0 Bayonne, Pays Basque","publisher":{"@id":"https:\/\/samayama.com\/#organization"},"potentialAction":[{"@type":"SearchAction","target":{"@type":"EntryPoint","urlTemplate":"https:\/\/samayama.com\/?s={search_term_string}"},"query-input":"required name=search_term_string"}],"inLanguage":"fr-FR"},{"@type":"Organization","@id":"https:\/\/samayama.com\/#organization","name":"Samayama, \u00e9cole de Koho Shiatsu","url":"https:\/\/samayama.com\/","logo":{"@type":"ImageObject","inLanguage":"fr-FR","@id":"https:\/\/samayama.com\/#\/schema\/logo\/image\/","url":"https:\/\/samayama.com\/wp-content\/uploads\/2023\/08\/samayamaecolede-shiatsu2000.png","contentUrl":"https:\/\/samayama.com\/wp-content\/uploads\/2023\/08\/samayamaecolede-shiatsu2000.png","width":2000,"height":1555,"caption":"Samayama, \u00e9cole de Koho Shiatsu"},"image":{"@id":"https:\/\/samayama.com\/#\/schema\/logo\/image\/"},"sameAs":["https:\/\/www.facebook.com\/profile.php?id=100066668590093","https:\/\/twitter.com\/osteoinclusive","https:\/\/www.linkedin.com\/in\/nicolas-truffart-1b024373\/"]}]}},"_links":{"self":[{"href":"https:\/\/samayama.com\/index.php\/wp-json\/wp\/v2\/pages\/74","targetHints":{"allow":["GET"]}}],"collection":[{"href":"https:\/\/samayama.com\/index.php\/wp-json\/wp\/v2\/pages"}],"about":[{"href":"https:\/\/samayama.com\/index.php\/wp-json\/wp\/v2\/types\/page"}],"author":[{"embeddable":true,"href":"https:\/\/samayama.com\/index.php\/wp-json\/wp\/v2\/users\/1"}],"replies":[{"embeddable":true,"href":"https:\/\/samayama.com\/index.php\/wp-json\/wp\/v2\/comments?post=74"}],"version-history":[{"count":15,"href":"https:\/\/samayama.com\/index.php\/wp-json\/wp\/v2\/pages\/74\/revisions"}],"predecessor-version":[{"id":400,"href":"https:\/\/samayama.com\/index.php\/wp-json\/wp\/v2\/pages\/74\/revisions\/400"}],"up":[{"embeddable":true,"href":"https:\/\/samayama.com\/index.php\/wp-json\/wp\/v2\/pages\/200"}],"wp:attachment":[{"href":"https:\/\/samayama.com\/index.php\/wp-json\/wp\/v2\/media?parent=74"}],"curies":[{"name":"wp","href":"https:\/\/api.w.org\/{rel}","templated":true}]}}